{"id":82,"date":"2025-11-30T17:37:13","date_gmt":"2025-11-30T17:37:13","guid":{"rendered":"https:\/\/proelectrosonic.com\/?page_id=82"},"modified":"2025-12-11T19:51:26","modified_gmt":"2025-12-11T19:51:26","slug":"comercializacion","status":"publish","type":"page","link":"https:\/\/proelectrosonic.com\/index.php\/comercializacion\/","title":{"rendered":"Comercializaci\u00f3n"},"content":{"rendered":"\n<p class=\"has-black-color has-text-color has-link-color has-large-font-size wp-elements-2ef67539f12740c70f4013e5f0b203da\"><strong>Comercializaci\u00f3n y distribuci\u00f3n<\/strong><\/p>\n\n\n\n<hr class=\"wp-block-separator has-text-color has-alpha-channel-opacity has-background is-style-default blue-separator\" style=\"background-color:#142655;color:#142655\"\/>\n\n\n\n<p class=\"has-text-color has-link-color has-medium-font-size wp-elements-018f17dfad94cea4bffb3b94b3616c66\" style=\"color:#303030\">Distribuci\u00f3n de productos audiovisuales y esc\u00e9nicos al por mayor y venta directa a profesionales.<br>Somos distribuidores oficiales de las m\u00e1s prestigiosas marcas.<\/p>\n\n\n\n<p class=\"has-black-color has-text-color has-link-color has-large-font-size wp-elements-a0aefeeecdd7c84cca2f2bd2a6de276a\"><strong>Nuestras marcas<\/strong><\/p>\n\n\n\n<hr class=\"wp-block-separator has-text-color has-alpha-channel-opacity has-background blue-separator is-style-default\" style=\"background-color:#142655;color:#142655\"\/>\n\n\n\n<div class=\"wp-block-columns brand-columns is-layout-flex wp-container-core-columns-is-layout-9d6595d7 wp-block-columns-is-layout-flex\">\n<div class=\"wp-block-column is-vertically-aligned-center is-layout-flow wp-block-column-is-layout-flow\"><div class=\"wp-block-image\">\n<figure class=\"alignleft size-full\"><img decoding=\"async\" width=\"225\" height=\"78\" src=\"https:\/\/proelectrosonic.com\/wp-content\/uploads\/2025\/12\/shure.png\" alt=\"\" class=\"wp-image-232\"\/><\/figure><\/div>\n\n<div class=\"wp-block-image\">\n<figure class=\"alignleft size-full is-resized\"><img decoding=\"async\" width=\"112\" height=\"27\" src=\"https:\/\/proelectrosonic.com\/wp-content\/uploads\/2025\/12\/sennheiser.png\" alt=\"\" class=\"wp-image-231\" style=\"width:205px;height:auto\"\/><\/figure><\/div>\n\n<div class=\"wp-block-image\">\n<figure class=\"alignleft size-full is-resized\"><img decoding=\"async\" width=\"155\" height=\"25\" src=\"https:\/\/proelectrosonic.com\/wp-content\/uploads\/2025\/12\/pioneer.png\" alt=\"\" class=\"wp-image-230\" style=\"width:211px;height:auto\" srcset=\"https:\/\/proelectrosonic.com\/wp-content\/uploads\/2025\/12\/pioneer.png 155w, https:\/\/proelectrosonic.com\/wp-content\/uploads\/2025\/12\/pioneer-150x25.png 150w\" sizes=\"(max-width: 155px) 100vw, 155px\" \/><\/figure><\/div><\/div>\n\n\n\n<div class=\"wp-block-column is-vertically-aligned-center is-layout-flow wp-block-column-is-layout-flow\"><div class=\"wp-block-image\">\n<figure class=\"alignleft size-full is-resized\"><img loading=\"lazy\" decoding=\"async\" width=\"91\" height=\"106\" src=\"https:\/\/proelectrosonic.com\/wp-content\/uploads\/2025\/12\/jbl.png\" alt=\"\" class=\"wp-image-229\" style=\"width:165px;height:auto\"\/><\/figure><\/div>\n\n<div class=\"wp-block-image\">\n<figure class=\"alignleft size-full is-resized\"><img loading=\"lazy\" decoding=\"async\" width=\"220\" height=\"38\" src=\"https:\/\/proelectrosonic.com\/wp-content\/uploads\/2025\/12\/electrovoice.png\" alt=\"\" class=\"wp-image-228\" style=\"width:154px;height:auto\"\/><\/figure><\/div><\/div>\n\n\n\n<div class=\"wp-block-column is-vertically-aligned-center is-layout-flow wp-block-column-is-layout-flow\"><div class=\"wp-block-image\">\n<figure class=\"alignleft size-full\"><img loading=\"lazy\" decoding=\"async\" width=\"140\" height=\"32\" src=\"https:\/\/proelectrosonic.com\/wp-content\/uploads\/2025\/12\/denon.png\" alt=\"\" class=\"wp-image-227\"\/><\/figure><\/div>\n\n<div class=\"wp-block-image\">\n<figure class=\"alignleft size-full\"><img loading=\"lazy\" decoding=\"async\" width=\"184\" height=\"38\" src=\"https:\/\/proelectrosonic.com\/wp-content\/uploads\/2025\/12\/bose.png\" alt=\"\" class=\"wp-image-226\"\/><\/figure><\/div>\n\n<div class=\"wp-block-image\">\n<figure class=\"alignleft size-full is-resized\"><img loading=\"lazy\" decoding=\"async\" width=\"203\" height=\"144\" src=\"https:\/\/proelectrosonic.com\/wp-content\/uploads\/2025\/12\/behringer.png\" alt=\"\" class=\"wp-image-225\" style=\"width:139px;height:auto\"\/><\/figure><\/div><\/div>\n<\/div>\n\n\n\n<p class=\"has-black-color has-text-color has-link-color has-large-font-size wp-elements-43480f1cb9671cfb52d8646aa0706923\"><strong>Nuestros sistemas<\/strong><\/p>\n\n\n\n<hr class=\"wp-block-separator has-text-color has-alpha-channel-opacity has-background blue-separator is-style-default\" style=\"background-color:#142655;color:#142655\"\/>\n\n\n\n<div class=\"wp-block-columns is-layout-flex wp-container-core-columns-is-layout-9d6595d7 wp-block-columns-is-layout-flex\">\n<div class=\"wp-block-column is-layout-flow wp-block-column-is-layout-flow\">\n<figure class=\"wp-block-image size-full\"><img loading=\"lazy\" decoding=\"async\" width=\"281\" height=\"354\" src=\"https:\/\/proelectrosonic.com\/wp-content\/uploads\/2025\/12\/info_series.jpg\" alt=\"\" class=\"wp-image-286\" srcset=\"https:\/\/proelectrosonic.com\/wp-content\/uploads\/2025\/12\/info_series.jpg 281w, https:\/\/proelectrosonic.com\/wp-content\/uploads\/2025\/12\/info_series-238x300.jpg 238w, https:\/\/proelectrosonic.com\/wp-content\/uploads\/2025\/12\/info_series-127x160.jpg 127w\" sizes=\"(max-width: 281px) 100vw, 281px\" \/><\/figure>\n<\/div>\n\n\n\n<div class=\"wp-block-column is-layout-flow wp-block-column-is-layout-flow\">\n<figure class=\"wp-block-image size-full\"><img loading=\"lazy\" decoding=\"async\" width=\"271\" height=\"343\" src=\"https:\/\/proelectrosonic.com\/wp-content\/uploads\/2025\/12\/light_series.jpg\" alt=\"\" class=\"wp-image-287\" srcset=\"https:\/\/proelectrosonic.com\/wp-content\/uploads\/2025\/12\/light_series.jpg 271w, https:\/\/proelectrosonic.com\/wp-content\/uploads\/2025\/12\/light_series-237x300.jpg 237w, https:\/\/proelectrosonic.com\/wp-content\/uploads\/2025\/12\/light_series-126x160.jpg 126w\" sizes=\"(max-width: 271px) 100vw, 271px\" \/><\/figure>\n<\/div>\n\n\n\n<div class=\"wp-block-column is-layout-flow wp-block-column-is-layout-flow\">\n<figure class=\"wp-block-image size-full\"><img loading=\"lazy\" decoding=\"async\" width=\"271\" height=\"341\" src=\"https:\/\/proelectrosonic.com\/wp-content\/uploads\/2025\/12\/tactil_series.jpg\" alt=\"\" class=\"wp-image-288\" srcset=\"https:\/\/proelectrosonic.com\/wp-content\/uploads\/2025\/12\/tactil_series.jpg 271w, https:\/\/proelectrosonic.com\/wp-content\/uploads\/2025\/12\/tactil_series-238x300.jpg 238w, https:\/\/proelectrosonic.com\/wp-content\/uploads\/2025\/12\/tactil_series-127x160.jpg 127w\" sizes=\"(max-width: 271px) 100vw, 271px\" \/><\/figure>\n<\/div>\n<\/div>\n","protected":false},"excerpt":{"rendered":"<p>Comercializaci\u00f3n y distribuci\u00f3n Distribuci\u00f3n de productos audiovisuales y esc\u00e9nicos al por mayor y venta directa a profesionales.Somos distribuidores oficiales de las m\u00e1s prestigiosas marcas. Nuestras marcas Nuestros sistemas<\/p>\n","protected":false},"author":1,"featured_media":0,"parent":0,"menu_order":0,"comment_status":"closed","ping_status":"closed","template":"","meta":{"_eb_attr":"","footnotes":""},"class_list":["post-82","page","type-page","status-publish","hentry"],"yoast_head":"<!-- This site is optimized with the Yoast SEO plugin v26.4 - https:\/\/yoast.com\/wordpress\/plugins\/seo\/ -->\n<title>Comercializaci\u00f3n - Proelectrosonic<\/title>\n<meta name=\"robots\" content=\"index, follow, max-snippet:-1, max-image-preview:large, max-video-preview:-1\" \/>\n<link rel=\"canonical\" href=\"https:\/\/proelectrosonic.com\/index.php\/comercializacion\/\" \/>\n<meta property=\"og:locale\" content=\"es_ES\" \/>\n<meta property=\"og:type\" content=\"article\" \/>\n<meta property=\"og:title\" content=\"Comercializaci\u00f3n - Proelectrosonic\" \/>\n<meta property=\"og:description\" content=\"Comercializaci\u00f3n y distribuci\u00f3n Distribuci\u00f3n de productos audiovisuales y esc\u00e9nicos al por mayor y venta directa a profesionales.Somos distribuidores oficiales de las m\u00e1s prestigiosas marcas. Nuestras marcas Nuestros sistemas\" \/>\n<meta property=\"og:url\" content=\"https:\/\/proelectrosonic.com\/index.php\/comercializacion\/\" \/>\n<meta property=\"og:site_name\" content=\"Proelectrosonic\" \/>\n<meta property=\"article:modified_time\" content=\"2025-12-11T19:51:26+00:00\" \/>\n<meta property=\"og:image\" content=\"https:\/\/proelectrosonic.com\/wp-content\/uploads\/2025\/12\/shure.png\" \/>\n\t<meta property=\"og:image:width\" content=\"225\" \/>\n\t<meta property=\"og:image:height\" content=\"78\" \/>\n\t<meta property=\"og:image:type\" content=\"image\/png\" \/>\n<meta name=\"twitter:card\" content=\"summary_large_image\" \/>\n<meta name=\"twitter:label1\" content=\"Tiempo de lectura\" \/>\n\t<meta name=\"twitter:data1\" content=\"3 minutos\" \/>\n<script type=\"application\/ld+json\" class=\"yoast-schema-graph\">{\"@context\":\"https:\/\/schema.org\",\"@graph\":[{\"@type\":\"WebPage\",\"@id\":\"https:\/\/proelectrosonic.com\/index.php\/comercializacion\/\",\"url\":\"https:\/\/proelectrosonic.com\/index.php\/comercializacion\/\",\"name\":\"Comercializaci\u00f3n - Proelectrosonic\",\"isPartOf\":{\"@id\":\"https:\/\/proelectrosonic.com\/#website\"},\"primaryImageOfPage\":{\"@id\":\"https:\/\/proelectrosonic.com\/index.php\/comercializacion\/#primaryimage\"},\"image\":{\"@id\":\"https:\/\/proelectrosonic.com\/index.php\/comercializacion\/#primaryimage\"},\"thumbnailUrl\":\"https:\/\/proelectrosonic.com\/wp-content\/uploads\/2025\/12\/shure.png\",\"datePublished\":\"2025-11-30T17:37:13+00:00\",\"dateModified\":\"2025-12-11T19:51:26+00:00\",\"breadcrumb\":{\"@id\":\"https:\/\/proelectrosonic.com\/index.php\/comercializacion\/#breadcrumb\"},\"inLanguage\":\"es\",\"potentialAction\":[{\"@type\":\"ReadAction\",\"target\":[\"https:\/\/proelectrosonic.com\/index.php\/comercializacion\/\"]}]},{\"@type\":\"ImageObject\",\"inLanguage\":\"es\",\"@id\":\"https:\/\/proelectrosonic.com\/index.php\/comercializacion\/#primaryimage\",\"url\":\"https:\/\/proelectrosonic.com\/wp-content\/uploads\/2025\/12\/shure.png\",\"contentUrl\":\"https:\/\/proelectrosonic.com\/wp-content\/uploads\/2025\/12\/shure.png\",\"width\":225,\"height\":78},{\"@type\":\"BreadcrumbList\",\"@id\":\"https:\/\/proelectrosonic.com\/index.php\/comercializacion\/#breadcrumb\",\"itemListElement\":[{\"@type\":\"ListItem\",\"position\":1,\"name\":\"Portada\",\"item\":\"https:\/\/proelectrosonic.com\/\"},{\"@type\":\"ListItem\",\"position\":2,\"name\":\"Comercializaci\u00f3n\"}]},{\"@type\":\"WebSite\",\"@id\":\"https:\/\/proelectrosonic.com\/#website\",\"url\":\"https:\/\/proelectrosonic.com\/\",\"name\":\"Proelectrosonic\",\"description\":\"\",\"publisher\":{\"@id\":\"https:\/\/proelectrosonic.com\/#organization\"},\"potentialAction\":[{\"@type\":\"SearchAction\",\"target\":{\"@type\":\"EntryPoint\",\"urlTemplate\":\"https:\/\/proelectrosonic.com\/?s={search_term_string}\"},\"query-input\":{\"@type\":\"PropertyValueSpecification\",\"valueRequired\":true,\"valueName\":\"search_term_string\"}}],\"inLanguage\":\"es\"},{\"@type\":\"Organization\",\"@id\":\"https:\/\/proelectrosonic.com\/#organization\",\"name\":\"Proelectrosonic\",\"url\":\"https:\/\/proelectrosonic.com\/\",\"logo\":{\"@type\":\"ImageObject\",\"inLanguage\":\"es\",\"@id\":\"https:\/\/proelectrosonic.com\/#\/schema\/logo\/image\/\",\"url\":\"https:\/\/proelectrosonic.com\/wp-content\/uploads\/2025\/11\/cropped-logo.jpg\",\"contentUrl\":\"https:\/\/proelectrosonic.com\/wp-content\/uploads\/2025\/11\/cropped-logo.jpg\",\"width\":364,\"height\":35,\"caption\":\"Proelectrosonic\"},\"image\":{\"@id\":\"https:\/\/proelectrosonic.com\/#\/schema\/logo\/image\/\"}}]}<\/script>\n<!-- \/ Yoast SEO plugin. -->","yoast_head_json":{"title":"Comercializaci\u00f3n - Proelectrosonic","robots":{"index":"index","follow":"follow","max-snippet":"max-snippet:-1","max-image-preview":"max-image-preview:large","max-video-preview":"max-video-preview:-1"},"canonical":"https:\/\/proelectrosonic.com\/index.php\/comercializacion\/","og_locale":"es_ES","og_type":"article","og_title":"Comercializaci\u00f3n - Proelectrosonic","og_description":"Comercializaci\u00f3n y distribuci\u00f3n Distribuci\u00f3n de productos audiovisuales y esc\u00e9nicos al por mayor y venta directa a profesionales.Somos distribuidores oficiales de las m\u00e1s prestigiosas marcas. Nuestras marcas Nuestros sistemas","og_url":"https:\/\/proelectrosonic.com\/index.php\/comercializacion\/","og_site_name":"Proelectrosonic","article_modified_time":"2025-12-11T19:51:26+00:00","og_image":[{"width":225,"height":78,"url":"https:\/\/proelectrosonic.com\/wp-content\/uploads\/2025\/12\/shure.png","type":"image\/png"}],"twitter_card":"summary_large_image","twitter_misc":{"Tiempo de lectura":"3 minutos"},"schema":{"@context":"https:\/\/schema.org","@graph":[{"@type":"WebPage","@id":"https:\/\/proelectrosonic.com\/index.php\/comercializacion\/","url":"https:\/\/proelectrosonic.com\/index.php\/comercializacion\/","name":"Comercializaci\u00f3n - Proelectrosonic","isPartOf":{"@id":"https:\/\/proelectrosonic.com\/#website"},"primaryImageOfPage":{"@id":"https:\/\/proelectrosonic.com\/index.php\/comercializacion\/#primaryimage"},"image":{"@id":"https:\/\/proelectrosonic.com\/index.php\/comercializacion\/#primaryimage"},"thumbnailUrl":"https:\/\/proelectrosonic.com\/wp-content\/uploads\/2025\/12\/shure.png","datePublished":"2025-11-30T17:37:13+00:00","dateModified":"2025-12-11T19:51:26+00:00","breadcrumb":{"@id":"https:\/\/proelectrosonic.com\/index.php\/comercializacion\/#breadcrumb"},"inLanguage":"es","potentialAction":[{"@type":"ReadAction","target":["https:\/\/proelectrosonic.com\/index.php\/comercializacion\/"]}]},{"@type":"ImageObject","inLanguage":"es","@id":"https:\/\/proelectrosonic.com\/index.php\/comercializacion\/#primaryimage","url":"https:\/\/proelectrosonic.com\/wp-content\/uploads\/2025\/12\/shure.png","contentUrl":"https:\/\/proelectrosonic.com\/wp-content\/uploads\/2025\/12\/shure.png","width":225,"height":78},{"@type":"BreadcrumbList","@id":"https:\/\/proelectrosonic.com\/index.php\/comercializacion\/#breadcrumb","itemListElement":[{"@type":"ListItem","position":1,"name":"Portada","item":"https:\/\/proelectrosonic.com\/"},{"@type":"ListItem","position":2,"name":"Comercializaci\u00f3n"}]},{"@type":"WebSite","@id":"https:\/\/proelectrosonic.com\/#website","url":"https:\/\/proelectrosonic.com\/","name":"Proelectrosonic","description":"","publisher":{"@id":"https:\/\/proelectrosonic.com\/#organization"},"potentialAction":[{"@type":"SearchAction","target":{"@type":"EntryPoint","urlTemplate":"https:\/\/proelectrosonic.com\/?s={search_term_string}"},"query-input":{"@type":"PropertyValueSpecification","valueRequired":true,"valueName":"search_term_string"}}],"inLanguage":"es"},{"@type":"Organization","@id":"https:\/\/proelectrosonic.com\/#organization","name":"Proelectrosonic","url":"https:\/\/proelectrosonic.com\/","logo":{"@type":"ImageObject","inLanguage":"es","@id":"https:\/\/proelectrosonic.com\/#\/schema\/logo\/image\/","url":"https:\/\/proelectrosonic.com\/wp-content\/uploads\/2025\/11\/cropped-logo.jpg","contentUrl":"https:\/\/proelectrosonic.com\/wp-content\/uploads\/2025\/11\/cropped-logo.jpg","width":364,"height":35,"caption":"Proelectrosonic"},"image":{"@id":"https:\/\/proelectrosonic.com\/#\/schema\/logo\/image\/"}}]}},"_links":{"self":[{"href":"https:\/\/proelectrosonic.com\/index.php\/wp-json\/wp\/v2\/pages\/82","targetHints":{"allow":["GET"]}}],"collection":[{"href":"https:\/\/proelectrosonic.com\/index.php\/wp-json\/wp\/v2\/pages"}],"about":[{"href":"https:\/\/proelectrosonic.com\/index.php\/wp-json\/wp\/v2\/types\/page"}],"author":[{"embeddable":true,"href":"https:\/\/proelectrosonic.com\/index.php\/wp-json\/wp\/v2\/users\/1"}],"replies":[{"embeddable":true,"href":"https:\/\/proelectrosonic.com\/index.php\/wp-json\/wp\/v2\/comments?post=82"}],"version-history":[{"count":28,"href":"https:\/\/proelectrosonic.com\/index.php\/wp-json\/wp\/v2\/pages\/82\/revisions"}],"predecessor-version":[{"id":653,"href":"https:\/\/proelectrosonic.com\/index.php\/wp-json\/wp\/v2\/pages\/82\/revisions\/653"}],"wp:attachment":[{"href":"https:\/\/proelectrosonic.com\/index.php\/wp-json\/wp\/v2\/media?parent=82"}],"curies":[{"name":"wp","href":"https:\/\/api.w.org\/{rel}","templated":true}]}}