{"id":86,"date":"2025-11-30T17:37:49","date_gmt":"2025-11-30T17:37:49","guid":{"rendered":"https:\/\/proelectrosonic.com\/?page_id=86"},"modified":"2025-12-01T19:38:34","modified_gmt":"2025-12-01T19:38:34","slug":"proyectos-a-medida","status":"publish","type":"page","link":"https:\/\/proelectrosonic.com\/index.php\/proyectos-a-medida\/","title":{"rendered":"Proyectos a medida"},"content":{"rendered":"\n<p class=\"has-black-color has-text-color has-link-color has-large-font-size wp-elements-79b8cd20868a1835d8d6b566b909e434\"><strong>Ingenier\u00eda y medios propios<\/strong><\/p>\n\n\n\n<hr class=\"wp-block-separator has-text-color has-alpha-channel-opacity has-background is-style-default blue-separator\" style=\"background-color:#142655;color:#142655\"\/>\n\n\n\n<div class=\"wp-block-columns is-layout-flex wp-container-core-columns-is-layout-9d6595d7 wp-block-columns-is-layout-flex\">\n<div class=\"wp-block-column is-layout-flow wp-block-column-is-layout-flow\" style=\"flex-basis:66.66%\">\n<p class=\"has-text-color has-link-color has-medium-font-size wp-elements-db402e7224c83f0bfbadeceeb16e6074\" style=\"color:#303030\">Sonorizaci\u00f3n industrial para palacios de congresos, feriales, estadios, parques de atracciones y tem\u00e1ticos, eventos y similares.<br>Realizamos proyectos a medida y contamos con ingenier\u00eda y medios propios para el dise\u00f1o, integraci\u00f3n y puesta en marcha de nuestros proyectos.<br>Entre nuestros proyectos est\u00e1 la sonorizaci\u00f3n total del parque de Atracciones de Madrid en 1.992.<br>Adem\u00e1s de la producci\u00f3n audiovisual del Valle de la prehistoria, Star L\u00e1ser, Siete Picos, 2\u00aa Parte de la Jungla, etc.<\/p>\n<\/div>\n\n\n\n<div class=\"wp-block-column is-layout-flow wp-block-column-is-layout-flow\" style=\"flex-basis:33.33%\">\n<figure class=\"wp-block-image size-full\"><img fetchpriority=\"high\" decoding=\"async\" width=\"620\" height=\"520\" src=\"https:\/\/proelectrosonic.com\/wp-content\/uploads\/2025\/12\/parque1.jpg\" alt=\"\" class=\"wp-image-319\" srcset=\"https:\/\/proelectrosonic.com\/wp-content\/uploads\/2025\/12\/parque1.jpg 620w, https:\/\/proelectrosonic.com\/wp-content\/uploads\/2025\/12\/parque1-300x252.jpg 300w, https:\/\/proelectrosonic.com\/wp-content\/uploads\/2025\/12\/parque1-600x503.jpg 600w, https:\/\/proelectrosonic.com\/wp-content\/uploads\/2025\/12\/parque1-191x160.jpg 191w\" sizes=\"(max-width: 620px) 100vw, 620px\" \/><\/figure>\n<\/div>\n<\/div>\n\n\n\n<p class=\"has-black-color has-text-color has-link-color has-large-font-size wp-elements-043c169eeb1fc2fd4f42b4a7b119f8fe\"><strong>Parque de Atracciones de Madrid<\/strong><\/p>\n\n\n\n<hr class=\"wp-block-separator has-text-color has-alpha-channel-opacity has-background is-style-default blue-separator\" style=\"background-color:#142655;color:#142655\"\/>\n\n\n\n<div class=\"wp-block-columns is-layout-flex wp-container-core-columns-is-layout-9d6595d7 wp-block-columns-is-layout-flex\">\n<div class=\"wp-block-column is-layout-flow wp-block-column-is-layout-flow\"><div class=\"wp-block-image\">\n<figure class=\"alignleft size-full is-resized\"><img decoding=\"async\" width=\"260\" height=\"194\" src=\"https:\/\/proelectrosonic.com\/wp-content\/uploads\/2025\/12\/parque2.jpg\" alt=\"\" class=\"wp-image-321\" style=\"width:366px;height:auto\" srcset=\"https:\/\/proelectrosonic.com\/wp-content\/uploads\/2025\/12\/parque2.jpg 260w, https:\/\/proelectrosonic.com\/wp-content\/uploads\/2025\/12\/parque2-214x160.jpg 214w\" sizes=\"(max-width: 260px) 100vw, 260px\" \/><\/figure><\/div><\/div>\n\n\n\n<div class=\"wp-block-column is-layout-flow wp-block-column-is-layout-flow\"><div class=\"wp-block-image\">\n<figure class=\"alignleft size-full is-resized\"><img decoding=\"async\" width=\"279\" height=\"180\" src=\"https:\/\/proelectrosonic.com\/wp-content\/uploads\/2025\/12\/parque3.jpg\" alt=\"\" class=\"wp-image-322\" style=\"width:416px;height:auto\" srcset=\"https:\/\/proelectrosonic.com\/wp-content\/uploads\/2025\/12\/parque3.jpg 279w, https:\/\/proelectrosonic.com\/wp-content\/uploads\/2025\/12\/parque3-248x160.jpg 248w\" sizes=\"(max-width: 279px) 100vw, 279px\" \/><\/figure><\/div><\/div>\n<\/div>\n","protected":false},"excerpt":{"rendered":"<p>Ingenier\u00eda y medios propios Sonorizaci\u00f3n industrial para palacios de congresos, feriales, estadios, parques de atracciones y tem\u00e1ticos, eventos y similares.Realizamos proyectos a medida y contamos con ingenier\u00eda y medios propios para el dise\u00f1o, integraci\u00f3n y puesta en marcha de nuestros proyectos.Entre nuestros proyectos est\u00e1 la sonorizaci\u00f3n total del parque de Atracciones de Madrid en 1.992.Adem\u00e1s de la producci\u00f3n audiovisual del Valle de la prehistoria, Star L\u00e1ser, Siete Picos, 2\u00aa Parte de la Jungla, etc. Parque de Atracciones de Madrid<\/p>\n","protected":false},"author":1,"featured_media":0,"parent":0,"menu_order":0,"comment_status":"closed","ping_status":"closed","template":"","meta":{"_eb_attr":"","footnotes":""},"class_list":["post-86","page","type-page","status-publish","hentry"],"yoast_head":"<!-- This site is optimized with the Yoast SEO plugin v26.4 - https:\/\/yoast.com\/wordpress\/plugins\/seo\/ -->\n<title>Proyectos a medida - Proelectrosonic<\/title>\n<meta name=\"robots\" content=\"index, follow, max-snippet:-1, max-image-preview:large, max-video-preview:-1\" \/>\n<link rel=\"canonical\" href=\"https:\/\/proelectrosonic.com\/index.php\/proyectos-a-medida\/\" \/>\n<meta property=\"og:locale\" content=\"es_ES\" \/>\n<meta property=\"og:type\" content=\"article\" \/>\n<meta property=\"og:title\" content=\"Proyectos a medida - Proelectrosonic\" \/>\n<meta property=\"og:description\" content=\"Ingenier\u00eda y medios propios Sonorizaci\u00f3n industrial para palacios de congresos, feriales, estadios, parques de atracciones y tem\u00e1ticos, eventos y similares.Realizamos proyectos a medida y contamos con ingenier\u00eda y medios propios para el dise\u00f1o, integraci\u00f3n y puesta en marcha de nuestros proyectos.Entre nuestros proyectos est\u00e1 la sonorizaci\u00f3n total del parque de Atracciones de Madrid en 1.992.Adem\u00e1s de la producci\u00f3n audiovisual del Valle de la prehistoria, Star L\u00e1ser, Siete Picos, 2\u00aa Parte de la Jungla, etc. Parque de Atracciones de Madrid\" \/>\n<meta property=\"og:url\" content=\"https:\/\/proelectrosonic.com\/index.php\/proyectos-a-medida\/\" \/>\n<meta property=\"og:site_name\" content=\"Proelectrosonic\" \/>\n<meta property=\"article:modified_time\" content=\"2025-12-01T19:38:34+00:00\" \/>\n<meta property=\"og:image\" content=\"https:\/\/proelectrosonic.com\/wp-content\/uploads\/2025\/12\/parque1.jpg\" \/>\n\t<meta property=\"og:image:width\" content=\"620\" \/>\n\t<meta property=\"og:image:height\" content=\"520\" \/>\n\t<meta property=\"og:image:type\" content=\"image\/jpeg\" \/>\n<meta name=\"twitter:card\" content=\"summary_large_image\" \/>\n<meta name=\"twitter:label1\" content=\"Tiempo de lectura\" \/>\n\t<meta name=\"twitter:data1\" content=\"1 minuto\" \/>\n<script type=\"application\/ld+json\" class=\"yoast-schema-graph\">{\"@context\":\"https:\/\/schema.org\",\"@graph\":[{\"@type\":\"WebPage\",\"@id\":\"https:\/\/proelectrosonic.com\/index.php\/proyectos-a-medida\/\",\"url\":\"https:\/\/proelectrosonic.com\/index.php\/proyectos-a-medida\/\",\"name\":\"Proyectos a medida - Proelectrosonic\",\"isPartOf\":{\"@id\":\"https:\/\/proelectrosonic.com\/#website\"},\"primaryImageOfPage\":{\"@id\":\"https:\/\/proelectrosonic.com\/index.php\/proyectos-a-medida\/#primaryimage\"},\"image\":{\"@id\":\"https:\/\/proelectrosonic.com\/index.php\/proyectos-a-medida\/#primaryimage\"},\"thumbnailUrl\":\"https:\/\/proelectrosonic.com\/wp-content\/uploads\/2025\/12\/parque1.jpg\",\"datePublished\":\"2025-11-30T17:37:49+00:00\",\"dateModified\":\"2025-12-01T19:38:34+00:00\",\"breadcrumb\":{\"@id\":\"https:\/\/proelectrosonic.com\/index.php\/proyectos-a-medida\/#breadcrumb\"},\"inLanguage\":\"es\",\"potentialAction\":[{\"@type\":\"ReadAction\",\"target\":[\"https:\/\/proelectrosonic.com\/index.php\/proyectos-a-medida\/\"]}]},{\"@type\":\"ImageObject\",\"inLanguage\":\"es\",\"@id\":\"https:\/\/proelectrosonic.com\/index.php\/proyectos-a-medida\/#primaryimage\",\"url\":\"https:\/\/proelectrosonic.com\/wp-content\/uploads\/2025\/12\/parque1.jpg\",\"contentUrl\":\"https:\/\/proelectrosonic.com\/wp-content\/uploads\/2025\/12\/parque1.jpg\",\"width\":620,\"height\":520},{\"@type\":\"BreadcrumbList\",\"@id\":\"https:\/\/proelectrosonic.com\/index.php\/proyectos-a-medida\/#breadcrumb\",\"itemListElement\":[{\"@type\":\"ListItem\",\"position\":1,\"name\":\"Portada\",\"item\":\"https:\/\/proelectrosonic.com\/\"},{\"@type\":\"ListItem\",\"position\":2,\"name\":\"Proyectos a medida\"}]},{\"@type\":\"WebSite\",\"@id\":\"https:\/\/proelectrosonic.com\/#website\",\"url\":\"https:\/\/proelectrosonic.com\/\",\"name\":\"Proelectrosonic\",\"description\":\"\",\"publisher\":{\"@id\":\"https:\/\/proelectrosonic.com\/#organization\"},\"potentialAction\":[{\"@type\":\"SearchAction\",\"target\":{\"@type\":\"EntryPoint\",\"urlTemplate\":\"https:\/\/proelectrosonic.com\/?s={search_term_string}\"},\"query-input\":{\"@type\":\"PropertyValueSpecification\",\"valueRequired\":true,\"valueName\":\"search_term_string\"}}],\"inLanguage\":\"es\"},{\"@type\":\"Organization\",\"@id\":\"https:\/\/proelectrosonic.com\/#organization\",\"name\":\"Proelectrosonic\",\"url\":\"https:\/\/proelectrosonic.com\/\",\"logo\":{\"@type\":\"ImageObject\",\"inLanguage\":\"es\",\"@id\":\"https:\/\/proelectrosonic.com\/#\/schema\/logo\/image\/\",\"url\":\"https:\/\/proelectrosonic.com\/wp-content\/uploads\/2025\/11\/cropped-logo.jpg\",\"contentUrl\":\"https:\/\/proelectrosonic.com\/wp-content\/uploads\/2025\/11\/cropped-logo.jpg\",\"width\":364,\"height\":35,\"caption\":\"Proelectrosonic\"},\"image\":{\"@id\":\"https:\/\/proelectrosonic.com\/#\/schema\/logo\/image\/\"}}]}<\/script>\n<!-- \/ Yoast SEO plugin. -->","yoast_head_json":{"title":"Proyectos a medida - Proelectrosonic","robots":{"index":"index","follow":"follow","max-snippet":"max-snippet:-1","max-image-preview":"max-image-preview:large","max-video-preview":"max-video-preview:-1"},"canonical":"https:\/\/proelectrosonic.com\/index.php\/proyectos-a-medida\/","og_locale":"es_ES","og_type":"article","og_title":"Proyectos a medida - Proelectrosonic","og_description":"Ingenier\u00eda y medios propios Sonorizaci\u00f3n industrial para palacios de congresos, feriales, estadios, parques de atracciones y tem\u00e1ticos, eventos y similares.Realizamos proyectos a medida y contamos con ingenier\u00eda y medios propios para el dise\u00f1o, integraci\u00f3n y puesta en marcha de nuestros proyectos.Entre nuestros proyectos est\u00e1 la sonorizaci\u00f3n total del parque de Atracciones de Madrid en 1.992.Adem\u00e1s de la producci\u00f3n audiovisual del Valle de la prehistoria, Star L\u00e1ser, Siete Picos, 2\u00aa Parte de la Jungla, etc. Parque de Atracciones de Madrid","og_url":"https:\/\/proelectrosonic.com\/index.php\/proyectos-a-medida\/","og_site_name":"Proelectrosonic","article_modified_time":"2025-12-01T19:38:34+00:00","og_image":[{"width":620,"height":520,"url":"https:\/\/proelectrosonic.com\/wp-content\/uploads\/2025\/12\/parque1.jpg","type":"image\/jpeg"}],"twitter_card":"summary_large_image","twitter_misc":{"Tiempo de lectura":"1 minuto"},"schema":{"@context":"https:\/\/schema.org","@graph":[{"@type":"WebPage","@id":"https:\/\/proelectrosonic.com\/index.php\/proyectos-a-medida\/","url":"https:\/\/proelectrosonic.com\/index.php\/proyectos-a-medida\/","name":"Proyectos a medida - Proelectrosonic","isPartOf":{"@id":"https:\/\/proelectrosonic.com\/#website"},"primaryImageOfPage":{"@id":"https:\/\/proelectrosonic.com\/index.php\/proyectos-a-medida\/#primaryimage"},"image":{"@id":"https:\/\/proelectrosonic.com\/index.php\/proyectos-a-medida\/#primaryimage"},"thumbnailUrl":"https:\/\/proelectrosonic.com\/wp-content\/uploads\/2025\/12\/parque1.jpg","datePublished":"2025-11-30T17:37:49+00:00","dateModified":"2025-12-01T19:38:34+00:00","breadcrumb":{"@id":"https:\/\/proelectrosonic.com\/index.php\/proyectos-a-medida\/#breadcrumb"},"inLanguage":"es","potentialAction":[{"@type":"ReadAction","target":["https:\/\/proelectrosonic.com\/index.php\/proyectos-a-medida\/"]}]},{"@type":"ImageObject","inLanguage":"es","@id":"https:\/\/proelectrosonic.com\/index.php\/proyectos-a-medida\/#primaryimage","url":"https:\/\/proelectrosonic.com\/wp-content\/uploads\/2025\/12\/parque1.jpg","contentUrl":"https:\/\/proelectrosonic.com\/wp-content\/uploads\/2025\/12\/parque1.jpg","width":620,"height":520},{"@type":"BreadcrumbList","@id":"https:\/\/proelectrosonic.com\/index.php\/proyectos-a-medida\/#breadcrumb","itemListElement":[{"@type":"ListItem","position":1,"name":"Portada","item":"https:\/\/proelectrosonic.com\/"},{"@type":"ListItem","position":2,"name":"Proyectos a medida"}]},{"@type":"WebSite","@id":"https:\/\/proelectrosonic.com\/#website","url":"https:\/\/proelectrosonic.com\/","name":"Proelectrosonic","description":"","publisher":{"@id":"https:\/\/proelectrosonic.com\/#organization"},"potentialAction":[{"@type":"SearchAction","target":{"@type":"EntryPoint","urlTemplate":"https:\/\/proelectrosonic.com\/?s={search_term_string}"},"query-input":{"@type":"PropertyValueSpecification","valueRequired":true,"valueName":"search_term_string"}}],"inLanguage":"es"},{"@type":"Organization","@id":"https:\/\/proelectrosonic.com\/#organization","name":"Proelectrosonic","url":"https:\/\/proelectrosonic.com\/","logo":{"@type":"ImageObject","inLanguage":"es","@id":"https:\/\/proelectrosonic.com\/#\/schema\/logo\/image\/","url":"https:\/\/proelectrosonic.com\/wp-content\/uploads\/2025\/11\/cropped-logo.jpg","contentUrl":"https:\/\/proelectrosonic.com\/wp-content\/uploads\/2025\/11\/cropped-logo.jpg","width":364,"height":35,"caption":"Proelectrosonic"},"image":{"@id":"https:\/\/proelectrosonic.com\/#\/schema\/logo\/image\/"}}]}},"_links":{"self":[{"href":"https:\/\/proelectrosonic.com\/index.php\/wp-json\/wp\/v2\/pages\/86","targetHints":{"allow":["GET"]}}],"collection":[{"href":"https:\/\/proelectrosonic.com\/index.php\/wp-json\/wp\/v2\/pages"}],"about":[{"href":"https:\/\/proelectrosonic.com\/index.php\/wp-json\/wp\/v2\/types\/page"}],"author":[{"embeddable":true,"href":"https:\/\/proelectrosonic.com\/index.php\/wp-json\/wp\/v2\/users\/1"}],"replies":[{"embeddable":true,"href":"https:\/\/proelectrosonic.com\/index.php\/wp-json\/wp\/v2\/comments?post=86"}],"version-history":[{"count":11,"href":"https:\/\/proelectrosonic.com\/index.php\/wp-json\/wp\/v2\/pages\/86\/revisions"}],"predecessor-version":[{"id":331,"href":"https:\/\/proelectrosonic.com\/index.php\/wp-json\/wp\/v2\/pages\/86\/revisions\/331"}],"wp:attachment":[{"href":"https:\/\/proelectrosonic.com\/index.php\/wp-json\/wp\/v2\/media?parent=86"}],"curies":[{"name":"wp","href":"https:\/\/api.w.org\/{rel}","templated":true}]}}