{"id":88,"date":"2025-11-30T17:38:21","date_gmt":"2025-11-30T17:38:21","guid":{"rendered":"https:\/\/proelectrosonic.com\/?page_id=88"},"modified":"2025-12-01T19:53:54","modified_gmt":"2025-12-01T19:53:54","slug":"eventos-audiovisuales","status":"publish","type":"page","link":"https:\/\/proelectrosonic.com\/index.php\/eventos-audiovisuales\/","title":{"rendered":"Eventos Audiovisuales"},"content":{"rendered":"\n<p class=\"has-black-color has-text-color has-link-color has-large-font-size wp-elements-5962442697a34b8dfc281a1036d7b7be\"><strong>Producci\u00f3n&nbsp;de Eventos Audiovisuales<\/strong><\/p>\n\n\n\n<hr class=\"wp-block-separator has-text-color has-alpha-channel-opacity has-background is-style-default blue-separator\" style=\"background-color:#142655;color:#142655\"\/>\n\n\n\n<p class=\"has-text-color has-link-color has-medium-font-size wp-elements-832a452b7e34910498ab0b7c0b951b88\" style=\"color:#303030\">Contamos con sistemas de \u00faltima generaci\u00f3n para la realizaci\u00f3n de eventos.<\/p>\n\n\n\n<ul style=\"color:#303030\" class=\"wp-block-list has-text-color has-link-color has-medium-font-size wp-elements-ad4c876047cf83a7a78c4a72915c7f8f\">\n<li>Conferencias y video presentaciones<\/li>\n\n\n\n<li>Traducci\u00f3n simult\u00e1nea<\/li>\n\n\n\n<li>Pantallas 3D autoestereosc\u00f3picas<\/li>\n\n\n\n<li>Pantallas de LED y video proyecci\u00f3n en gran formato<\/li>\n<\/ul>\n\n\n\n<div class=\"wp-block-columns is-layout-flex wp-container-core-columns-is-layout-9d6595d7 wp-block-columns-is-layout-flex\">\n<div class=\"wp-block-column is-layout-flow wp-block-column-is-layout-flow\">\n<figure class=\"wp-block-image size-full\"><img fetchpriority=\"high\" decoding=\"async\" width=\"508\" height=\"380\" src=\"https:\/\/proelectrosonic.com\/wp-content\/uploads\/2025\/12\/traduccion.jpg\" alt=\"\" class=\"wp-image-343\" srcset=\"https:\/\/proelectrosonic.com\/wp-content\/uploads\/2025\/12\/traduccion.jpg 508w, https:\/\/proelectrosonic.com\/wp-content\/uploads\/2025\/12\/traduccion-300x224.jpg 300w, https:\/\/proelectrosonic.com\/wp-content\/uploads\/2025\/12\/traduccion-214x160.jpg 214w\" sizes=\"(max-width: 508px) 100vw, 508px\" \/><\/figure>\n\n\n\n<hr class=\"wp-block-separator has-text-color has-alpha-channel-opacity has-background\" style=\"background-color:#142655;color:#142655\"\/>\n\n\n\n<p class=\"has-text-align-center has-text-color has-link-color wp-elements-882dbcceedb263b048e3d500e12ded69\" style=\"color:#303030;font-size:25px\"><strong>TRADUCCI\u00d3N SIMULT\u00c1NEA<\/strong><\/p>\n<\/div>\n\n\n\n<div class=\"wp-block-column is-layout-flow wp-block-column-is-layout-flow\">\n<figure class=\"wp-block-image size-full\"><img decoding=\"async\" width=\"508\" height=\"381\" src=\"https:\/\/proelectrosonic.com\/wp-content\/uploads\/2025\/12\/video-proyeccion.jpg\" alt=\"\" class=\"wp-image-344\" srcset=\"https:\/\/proelectrosonic.com\/wp-content\/uploads\/2025\/12\/video-proyeccion.jpg 508w, https:\/\/proelectrosonic.com\/wp-content\/uploads\/2025\/12\/video-proyeccion-300x225.jpg 300w, https:\/\/proelectrosonic.com\/wp-content\/uploads\/2025\/12\/video-proyeccion-213x160.jpg 213w\" sizes=\"(max-width: 508px) 100vw, 508px\" \/><\/figure>\n\n\n\n<hr class=\"wp-block-separator has-text-color has-alpha-channel-opacity has-background\" style=\"background-color:#142655;color:#142655\"\/>\n\n\n\n<p class=\"has-text-align-center has-text-color has-link-color wp-elements-ea0fe5249e9d48f973b8b0c132f506d8\" style=\"color:#303030;font-size:25px\"><strong>V\u00cdDEO-PROYECCI\u00d3N DE ALTA POTENCIA<\/strong><\/p>\n<\/div>\n\n\n\n<div class=\"wp-block-column is-layout-flow wp-block-column-is-layout-flow\">\n<figure class=\"wp-block-image size-full\"><img decoding=\"async\" width=\"839\" height=\"628\" src=\"https:\/\/proelectrosonic.com\/wp-content\/uploads\/2025\/12\/eventos3d.jpg\" alt=\"\" class=\"wp-image-345\" srcset=\"https:\/\/proelectrosonic.com\/wp-content\/uploads\/2025\/12\/eventos3d.jpg 839w, https:\/\/proelectrosonic.com\/wp-content\/uploads\/2025\/12\/eventos3d-300x225.jpg 300w, https:\/\/proelectrosonic.com\/wp-content\/uploads\/2025\/12\/eventos3d-768x575.jpg 768w, https:\/\/proelectrosonic.com\/wp-content\/uploads\/2025\/12\/eventos3d-600x449.jpg 600w, https:\/\/proelectrosonic.com\/wp-content\/uploads\/2025\/12\/eventos3d-214x160.jpg 214w\" sizes=\"(max-width: 839px) 100vw, 839px\" \/><\/figure>\n\n\n\n<hr class=\"wp-block-separator has-text-color has-alpha-channel-opacity has-background\" style=\"background-color:#142655;color:#142655\"\/>\n\n\n\n<p class=\"has-text-align-center has-text-color has-link-color wp-elements-efbf490ac11844933ac497b50498bb01\" style=\"color:#303030;font-size:25px\"><strong>PRODUCCI\u00d3N AUDIOVISUAL EN 3D PARA EVENTOS<\/strong><\/p>\n<\/div>\n<\/div>\n\n\n\n<p><\/p>\n","protected":false},"excerpt":{"rendered":"<p>Producci\u00f3n&nbsp;de Eventos Audiovisuales Contamos con sistemas de \u00faltima generaci\u00f3n para la realizaci\u00f3n de eventos. TRADUCCI\u00d3N SIMULT\u00c1NEA V\u00cdDEO-PROYECCI\u00d3N DE ALTA POTENCIA PRODUCCI\u00d3N AUDIOVISUAL EN 3D PARA EVENTOS<\/p>\n","protected":false},"author":1,"featured_media":0,"parent":0,"menu_order":0,"comment_status":"closed","ping_status":"closed","template":"","meta":{"_eb_attr":"","footnotes":""},"class_list":["post-88","page","type-page","status-publish","hentry"],"yoast_head":"<!-- This site is optimized with the Yoast SEO plugin v26.4 - https:\/\/yoast.com\/wordpress\/plugins\/seo\/ -->\n<title>Eventos Audiovisuales - Proelectrosonic<\/title>\n<meta name=\"robots\" content=\"index, follow, max-snippet:-1, max-image-preview:large, max-video-preview:-1\" \/>\n<link rel=\"canonical\" href=\"https:\/\/proelectrosonic.com\/index.php\/eventos-audiovisuales\/\" \/>\n<meta property=\"og:locale\" content=\"es_ES\" \/>\n<meta property=\"og:type\" content=\"article\" \/>\n<meta property=\"og:title\" content=\"Eventos Audiovisuales - Proelectrosonic\" \/>\n<meta property=\"og:description\" content=\"Producci\u00f3n&nbsp;de Eventos Audiovisuales Contamos con sistemas de \u00faltima generaci\u00f3n para la realizaci\u00f3n de eventos. TRADUCCI\u00d3N SIMULT\u00c1NEA V\u00cdDEO-PROYECCI\u00d3N DE ALTA POTENCIA PRODUCCI\u00d3N AUDIOVISUAL EN 3D PARA EVENTOS\" \/>\n<meta property=\"og:url\" content=\"https:\/\/proelectrosonic.com\/index.php\/eventos-audiovisuales\/\" \/>\n<meta property=\"og:site_name\" content=\"Proelectrosonic\" \/>\n<meta property=\"article:modified_time\" content=\"2025-12-01T19:53:54+00:00\" \/>\n<meta property=\"og:image\" content=\"https:\/\/proelectrosonic.com\/wp-content\/uploads\/2025\/12\/traduccion.jpg\" \/>\n\t<meta property=\"og:image:width\" content=\"508\" \/>\n\t<meta property=\"og:image:height\" content=\"380\" \/>\n\t<meta property=\"og:image:type\" content=\"image\/jpeg\" \/>\n<meta name=\"twitter:card\" content=\"summary_large_image\" \/>\n<meta name=\"twitter:label1\" content=\"Tiempo de lectura\" \/>\n\t<meta name=\"twitter:data1\" content=\"1 minuto\" \/>\n<script type=\"application\/ld+json\" class=\"yoast-schema-graph\">{\"@context\":\"https:\/\/schema.org\",\"@graph\":[{\"@type\":\"WebPage\",\"@id\":\"https:\/\/proelectrosonic.com\/index.php\/eventos-audiovisuales\/\",\"url\":\"https:\/\/proelectrosonic.com\/index.php\/eventos-audiovisuales\/\",\"name\":\"Eventos Audiovisuales - Proelectrosonic\",\"isPartOf\":{\"@id\":\"https:\/\/proelectrosonic.com\/#website\"},\"primaryImageOfPage\":{\"@id\":\"https:\/\/proelectrosonic.com\/index.php\/eventos-audiovisuales\/#primaryimage\"},\"image\":{\"@id\":\"https:\/\/proelectrosonic.com\/index.php\/eventos-audiovisuales\/#primaryimage\"},\"thumbnailUrl\":\"https:\/\/proelectrosonic.com\/wp-content\/uploads\/2025\/12\/traduccion.jpg\",\"datePublished\":\"2025-11-30T17:38:21+00:00\",\"dateModified\":\"2025-12-01T19:53:54+00:00\",\"breadcrumb\":{\"@id\":\"https:\/\/proelectrosonic.com\/index.php\/eventos-audiovisuales\/#breadcrumb\"},\"inLanguage\":\"es\",\"potentialAction\":[{\"@type\":\"ReadAction\",\"target\":[\"https:\/\/proelectrosonic.com\/index.php\/eventos-audiovisuales\/\"]}]},{\"@type\":\"ImageObject\",\"inLanguage\":\"es\",\"@id\":\"https:\/\/proelectrosonic.com\/index.php\/eventos-audiovisuales\/#primaryimage\",\"url\":\"https:\/\/proelectrosonic.com\/wp-content\/uploads\/2025\/12\/traduccion.jpg\",\"contentUrl\":\"https:\/\/proelectrosonic.com\/wp-content\/uploads\/2025\/12\/traduccion.jpg\",\"width\":508,\"height\":380},{\"@type\":\"BreadcrumbList\",\"@id\":\"https:\/\/proelectrosonic.com\/index.php\/eventos-audiovisuales\/#breadcrumb\",\"itemListElement\":[{\"@type\":\"ListItem\",\"position\":1,\"name\":\"Portada\",\"item\":\"https:\/\/proelectrosonic.com\/\"},{\"@type\":\"ListItem\",\"position\":2,\"name\":\"Eventos Audiovisuales\"}]},{\"@type\":\"WebSite\",\"@id\":\"https:\/\/proelectrosonic.com\/#website\",\"url\":\"https:\/\/proelectrosonic.com\/\",\"name\":\"Proelectrosonic\",\"description\":\"\",\"publisher\":{\"@id\":\"https:\/\/proelectrosonic.com\/#organization\"},\"potentialAction\":[{\"@type\":\"SearchAction\",\"target\":{\"@type\":\"EntryPoint\",\"urlTemplate\":\"https:\/\/proelectrosonic.com\/?s={search_term_string}\"},\"query-input\":{\"@type\":\"PropertyValueSpecification\",\"valueRequired\":true,\"valueName\":\"search_term_string\"}}],\"inLanguage\":\"es\"},{\"@type\":\"Organization\",\"@id\":\"https:\/\/proelectrosonic.com\/#organization\",\"name\":\"Proelectrosonic\",\"url\":\"https:\/\/proelectrosonic.com\/\",\"logo\":{\"@type\":\"ImageObject\",\"inLanguage\":\"es\",\"@id\":\"https:\/\/proelectrosonic.com\/#\/schema\/logo\/image\/\",\"url\":\"https:\/\/proelectrosonic.com\/wp-content\/uploads\/2025\/11\/cropped-logo.jpg\",\"contentUrl\":\"https:\/\/proelectrosonic.com\/wp-content\/uploads\/2025\/11\/cropped-logo.jpg\",\"width\":364,\"height\":35,\"caption\":\"Proelectrosonic\"},\"image\":{\"@id\":\"https:\/\/proelectrosonic.com\/#\/schema\/logo\/image\/\"}}]}<\/script>\n<!-- \/ Yoast SEO plugin. -->","yoast_head_json":{"title":"Eventos Audiovisuales - Proelectrosonic","robots":{"index":"index","follow":"follow","max-snippet":"max-snippet:-1","max-image-preview":"max-image-preview:large","max-video-preview":"max-video-preview:-1"},"canonical":"https:\/\/proelectrosonic.com\/index.php\/eventos-audiovisuales\/","og_locale":"es_ES","og_type":"article","og_title":"Eventos Audiovisuales - Proelectrosonic","og_description":"Producci\u00f3n&nbsp;de Eventos Audiovisuales Contamos con sistemas de \u00faltima generaci\u00f3n para la realizaci\u00f3n de eventos. TRADUCCI\u00d3N SIMULT\u00c1NEA V\u00cdDEO-PROYECCI\u00d3N DE ALTA POTENCIA PRODUCCI\u00d3N AUDIOVISUAL EN 3D PARA EVENTOS","og_url":"https:\/\/proelectrosonic.com\/index.php\/eventos-audiovisuales\/","og_site_name":"Proelectrosonic","article_modified_time":"2025-12-01T19:53:54+00:00","og_image":[{"width":508,"height":380,"url":"https:\/\/proelectrosonic.com\/wp-content\/uploads\/2025\/12\/traduccion.jpg","type":"image\/jpeg"}],"twitter_card":"summary_large_image","twitter_misc":{"Tiempo de lectura":"1 minuto"},"schema":{"@context":"https:\/\/schema.org","@graph":[{"@type":"WebPage","@id":"https:\/\/proelectrosonic.com\/index.php\/eventos-audiovisuales\/","url":"https:\/\/proelectrosonic.com\/index.php\/eventos-audiovisuales\/","name":"Eventos Audiovisuales - Proelectrosonic","isPartOf":{"@id":"https:\/\/proelectrosonic.com\/#website"},"primaryImageOfPage":{"@id":"https:\/\/proelectrosonic.com\/index.php\/eventos-audiovisuales\/#primaryimage"},"image":{"@id":"https:\/\/proelectrosonic.com\/index.php\/eventos-audiovisuales\/#primaryimage"},"thumbnailUrl":"https:\/\/proelectrosonic.com\/wp-content\/uploads\/2025\/12\/traduccion.jpg","datePublished":"2025-11-30T17:38:21+00:00","dateModified":"2025-12-01T19:53:54+00:00","breadcrumb":{"@id":"https:\/\/proelectrosonic.com\/index.php\/eventos-audiovisuales\/#breadcrumb"},"inLanguage":"es","potentialAction":[{"@type":"ReadAction","target":["https:\/\/proelectrosonic.com\/index.php\/eventos-audiovisuales\/"]}]},{"@type":"ImageObject","inLanguage":"es","@id":"https:\/\/proelectrosonic.com\/index.php\/eventos-audiovisuales\/#primaryimage","url":"https:\/\/proelectrosonic.com\/wp-content\/uploads\/2025\/12\/traduccion.jpg","contentUrl":"https:\/\/proelectrosonic.com\/wp-content\/uploads\/2025\/12\/traduccion.jpg","width":508,"height":380},{"@type":"BreadcrumbList","@id":"https:\/\/proelectrosonic.com\/index.php\/eventos-audiovisuales\/#breadcrumb","itemListElement":[{"@type":"ListItem","position":1,"name":"Portada","item":"https:\/\/proelectrosonic.com\/"},{"@type":"ListItem","position":2,"name":"Eventos Audiovisuales"}]},{"@type":"WebSite","@id":"https:\/\/proelectrosonic.com\/#website","url":"https:\/\/proelectrosonic.com\/","name":"Proelectrosonic","description":"","publisher":{"@id":"https:\/\/proelectrosonic.com\/#organization"},"potentialAction":[{"@type":"SearchAction","target":{"@type":"EntryPoint","urlTemplate":"https:\/\/proelectrosonic.com\/?s={search_term_string}"},"query-input":{"@type":"PropertyValueSpecification","valueRequired":true,"valueName":"search_term_string"}}],"inLanguage":"es"},{"@type":"Organization","@id":"https:\/\/proelectrosonic.com\/#organization","name":"Proelectrosonic","url":"https:\/\/proelectrosonic.com\/","logo":{"@type":"ImageObject","inLanguage":"es","@id":"https:\/\/proelectrosonic.com\/#\/schema\/logo\/image\/","url":"https:\/\/proelectrosonic.com\/wp-content\/uploads\/2025\/11\/cropped-logo.jpg","contentUrl":"https:\/\/proelectrosonic.com\/wp-content\/uploads\/2025\/11\/cropped-logo.jpg","width":364,"height":35,"caption":"Proelectrosonic"},"image":{"@id":"https:\/\/proelectrosonic.com\/#\/schema\/logo\/image\/"}}]}},"_links":{"self":[{"href":"https:\/\/proelectrosonic.com\/index.php\/wp-json\/wp\/v2\/pages\/88","targetHints":{"allow":["GET"]}}],"collection":[{"href":"https:\/\/proelectrosonic.com\/index.php\/wp-json\/wp\/v2\/pages"}],"about":[{"href":"https:\/\/proelectrosonic.com\/index.php\/wp-json\/wp\/v2\/types\/page"}],"author":[{"embeddable":true,"href":"https:\/\/proelectrosonic.com\/index.php\/wp-json\/wp\/v2\/users\/1"}],"replies":[{"embeddable":true,"href":"https:\/\/proelectrosonic.com\/index.php\/wp-json\/wp\/v2\/comments?post=88"}],"version-history":[{"count":11,"href":"https:\/\/proelectrosonic.com\/index.php\/wp-json\/wp\/v2\/pages\/88\/revisions"}],"predecessor-version":[{"id":363,"href":"https:\/\/proelectrosonic.com\/index.php\/wp-json\/wp\/v2\/pages\/88\/revisions\/363"}],"wp:attachment":[{"href":"https:\/\/proelectrosonic.com\/index.php\/wp-json\/wp\/v2\/media?parent=88"}],"curies":[{"name":"wp","href":"https:\/\/api.w.org\/{rel}","templated":true}]}}