{"id":95,"date":"2025-11-30T17:40:01","date_gmt":"2025-11-30T17:40:01","guid":{"rendered":"https:\/\/proelectrosonic.com\/?page_id=95"},"modified":"2025-12-01T19:58:48","modified_gmt":"2025-12-01T19:58:48","slug":"video-interactivo","status":"publish","type":"page","link":"https:\/\/proelectrosonic.com\/index.php\/video-interactivo\/","title":{"rendered":"V\u00eddeo Interactivo"},"content":{"rendered":"\n<p class=\"has-black-color has-text-color has-link-color has-large-font-size wp-elements-e3c392a78b516d871d70dd8ee340cb4b\"><strong>Sistemas\u00a0de v\u00eddeo interactivo<\/strong><\/p>\n\n\n\n<hr class=\"wp-block-separator has-text-color has-alpha-channel-opacity has-background is-style-default blue-separator\" style=\"background-color:#142655;color:#142655\"\/>\n\n\n\n<p class=\"has-text-color has-link-color has-medium-font-size wp-elements-48b41dba26eeceed2e897948d159ecda\" style=\"color:#303030\">V\u00eddeo interactivo en suelo y en paredes, tambi\u00e9n escaparates interactivos para advertising y marketing din\u00e1mico.<\/p>\n\n\n\n<div class=\"wp-block-columns brand-columns is-layout-flex wp-container-core-columns-is-layout-9d6595d7 wp-block-columns-is-layout-flex\">\n<div class=\"wp-block-column is-layout-flow wp-block-column-is-layout-flow\">\n<figure class=\"wp-block-image size-full\"><img fetchpriority=\"high\" decoding=\"async\" width=\"579\" height=\"390\" src=\"https:\/\/proelectrosonic.com\/wp-content\/uploads\/2025\/12\/eyeclikc.png\" alt=\"\" class=\"wp-image-365\" srcset=\"https:\/\/proelectrosonic.com\/wp-content\/uploads\/2025\/12\/eyeclikc.png 579w, https:\/\/proelectrosonic.com\/wp-content\/uploads\/2025\/12\/eyeclikc-300x202.png 300w, https:\/\/proelectrosonic.com\/wp-content\/uploads\/2025\/12\/eyeclikc-238x160.png 238w\" sizes=\"(max-width: 579px) 100vw, 579px\" \/><\/figure>\n\n\n\n<figure class=\"wp-block-image size-full\"><img decoding=\"async\" width=\"402\" height=\"360\" src=\"https:\/\/proelectrosonic.com\/wp-content\/uploads\/2025\/12\/video3.jpg\" alt=\"\" class=\"wp-image-368\" srcset=\"https:\/\/proelectrosonic.com\/wp-content\/uploads\/2025\/12\/video3.jpg 402w, https:\/\/proelectrosonic.com\/wp-content\/uploads\/2025\/12\/video3-300x269.jpg 300w, https:\/\/proelectrosonic.com\/wp-content\/uploads\/2025\/12\/video3-179x160.jpg 179w\" sizes=\"(max-width: 402px) 100vw, 402px\" \/><\/figure>\n\n\n\n<figure class=\"wp-block-image size-full\"><img decoding=\"async\" width=\"320\" height=\"239\" src=\"https:\/\/proelectrosonic.com\/wp-content\/uploads\/2025\/12\/video6.png\" alt=\"\" class=\"wp-image-371\" srcset=\"https:\/\/proelectrosonic.com\/wp-content\/uploads\/2025\/12\/video6.png 320w, https:\/\/proelectrosonic.com\/wp-content\/uploads\/2025\/12\/video6-300x224.png 300w, https:\/\/proelectrosonic.com\/wp-content\/uploads\/2025\/12\/video6-214x160.png 214w\" sizes=\"(max-width: 320px) 100vw, 320px\" \/><\/figure>\n<\/div>\n\n\n\n<div class=\"wp-block-column is-layout-flow wp-block-column-is-layout-flow\">\n<figure class=\"wp-block-image size-full\"><img loading=\"lazy\" decoding=\"async\" width=\"481\" height=\"361\" src=\"https:\/\/proelectrosonic.com\/wp-content\/uploads\/2025\/12\/video1.jpg\" alt=\"\" class=\"wp-image-366\" srcset=\"https:\/\/proelectrosonic.com\/wp-content\/uploads\/2025\/12\/video1.jpg 481w, https:\/\/proelectrosonic.com\/wp-content\/uploads\/2025\/12\/video1-300x225.jpg 300w, https:\/\/proelectrosonic.com\/wp-content\/uploads\/2025\/12\/video1-213x160.jpg 213w\" sizes=\"(max-width: 481px) 100vw, 481px\" \/><\/figure>\n\n\n\n<figure class=\"wp-block-image size-full\"><img loading=\"lazy\" decoding=\"async\" width=\"306\" height=\"308\" src=\"https:\/\/proelectrosonic.com\/wp-content\/uploads\/2025\/12\/video4.jpg\" alt=\"\" class=\"wp-image-369\" srcset=\"https:\/\/proelectrosonic.com\/wp-content\/uploads\/2025\/12\/video4.jpg 306w, https:\/\/proelectrosonic.com\/wp-content\/uploads\/2025\/12\/video4-298x300.jpg 298w, https:\/\/proelectrosonic.com\/wp-content\/uploads\/2025\/12\/video4-150x150.jpg 150w, https:\/\/proelectrosonic.com\/wp-content\/uploads\/2025\/12\/video4-159x160.jpg 159w\" sizes=\"(max-width: 306px) 100vw, 306px\" \/><\/figure>\n<\/div>\n\n\n\n<div class=\"wp-block-column is-layout-flow wp-block-column-is-layout-flow\">\n<figure class=\"wp-block-image size-full\"><img loading=\"lazy\" decoding=\"async\" width=\"484\" height=\"364\" src=\"https:\/\/proelectrosonic.com\/wp-content\/uploads\/2025\/12\/video2.jpg\" alt=\"\" class=\"wp-image-367\" srcset=\"https:\/\/proelectrosonic.com\/wp-content\/uploads\/2025\/12\/video2.jpg 484w, https:\/\/proelectrosonic.com\/wp-content\/uploads\/2025\/12\/video2-300x226.jpg 300w, https:\/\/proelectrosonic.com\/wp-content\/uploads\/2025\/12\/video2-213x160.jpg 213w\" sizes=\"(max-width: 484px) 100vw, 484px\" \/><\/figure>\n\n\n\n<figure class=\"wp-block-image size-full\"><img loading=\"lazy\" decoding=\"async\" width=\"313\" height=\"280\" src=\"https:\/\/proelectrosonic.com\/wp-content\/uploads\/2025\/12\/video5.jpg\" alt=\"\" class=\"wp-image-370\" srcset=\"https:\/\/proelectrosonic.com\/wp-content\/uploads\/2025\/12\/video5.jpg 313w, https:\/\/proelectrosonic.com\/wp-content\/uploads\/2025\/12\/video5-300x268.jpg 300w, https:\/\/proelectrosonic.com\/wp-content\/uploads\/2025\/12\/video5-179x160.jpg 179w\" sizes=\"(max-width: 313px) 100vw, 313px\" \/><\/figure>\n<\/div>\n<\/div>\n","protected":false},"excerpt":{"rendered":"<p>Sistemas\u00a0de v\u00eddeo interactivo V\u00eddeo interactivo en suelo y en paredes, tambi\u00e9n escaparates interactivos para advertising y marketing din\u00e1mico.<\/p>\n","protected":false},"author":1,"featured_media":0,"parent":0,"menu_order":0,"comment_status":"closed","ping_status":"closed","template":"","meta":{"_eb_attr":"","footnotes":""},"class_list":["post-95","page","type-page","status-publish","hentry"],"yoast_head":"<!-- This site is optimized with the Yoast SEO plugin v26.4 - https:\/\/yoast.com\/wordpress\/plugins\/seo\/ -->\n<title>V\u00eddeo Interactivo - Proelectrosonic<\/title>\n<meta name=\"robots\" content=\"index, follow, max-snippet:-1, max-image-preview:large, max-video-preview:-1\" \/>\n<link rel=\"canonical\" href=\"https:\/\/proelectrosonic.com\/index.php\/video-interactivo\/\" \/>\n<meta property=\"og:locale\" content=\"es_ES\" \/>\n<meta property=\"og:type\" content=\"article\" \/>\n<meta property=\"og:title\" content=\"V\u00eddeo Interactivo - Proelectrosonic\" \/>\n<meta property=\"og:description\" content=\"Sistemas\u00a0de v\u00eddeo interactivo V\u00eddeo interactivo en suelo y en paredes, tambi\u00e9n escaparates interactivos para advertising y marketing din\u00e1mico.\" \/>\n<meta property=\"og:url\" content=\"https:\/\/proelectrosonic.com\/index.php\/video-interactivo\/\" \/>\n<meta property=\"og:site_name\" content=\"Proelectrosonic\" \/>\n<meta property=\"article:modified_time\" content=\"2025-12-01T19:58:48+00:00\" \/>\n<meta property=\"og:image\" content=\"https:\/\/proelectrosonic.com\/wp-content\/uploads\/2025\/12\/eyeclikc.png\" \/>\n\t<meta property=\"og:image:width\" content=\"579\" \/>\n\t<meta property=\"og:image:height\" content=\"390\" \/>\n\t<meta property=\"og:image:type\" content=\"image\/png\" \/>\n<meta name=\"twitter:card\" content=\"summary_large_image\" \/>\n<meta name=\"twitter:label1\" content=\"Tiempo de lectura\" \/>\n\t<meta name=\"twitter:data1\" content=\"2 minutos\" \/>\n<script type=\"application\/ld+json\" class=\"yoast-schema-graph\">{\"@context\":\"https:\/\/schema.org\",\"@graph\":[{\"@type\":\"WebPage\",\"@id\":\"https:\/\/proelectrosonic.com\/index.php\/video-interactivo\/\",\"url\":\"https:\/\/proelectrosonic.com\/index.php\/video-interactivo\/\",\"name\":\"V\u00eddeo Interactivo - Proelectrosonic\",\"isPartOf\":{\"@id\":\"https:\/\/proelectrosonic.com\/#website\"},\"primaryImageOfPage\":{\"@id\":\"https:\/\/proelectrosonic.com\/index.php\/video-interactivo\/#primaryimage\"},\"image\":{\"@id\":\"https:\/\/proelectrosonic.com\/index.php\/video-interactivo\/#primaryimage\"},\"thumbnailUrl\":\"https:\/\/proelectrosonic.com\/wp-content\/uploads\/2025\/12\/eyeclikc.png\",\"datePublished\":\"2025-11-30T17:40:01+00:00\",\"dateModified\":\"2025-12-01T19:58:48+00:00\",\"breadcrumb\":{\"@id\":\"https:\/\/proelectrosonic.com\/index.php\/video-interactivo\/#breadcrumb\"},\"inLanguage\":\"es\",\"potentialAction\":[{\"@type\":\"ReadAction\",\"target\":[\"https:\/\/proelectrosonic.com\/index.php\/video-interactivo\/\"]}]},{\"@type\":\"ImageObject\",\"inLanguage\":\"es\",\"@id\":\"https:\/\/proelectrosonic.com\/index.php\/video-interactivo\/#primaryimage\",\"url\":\"https:\/\/proelectrosonic.com\/wp-content\/uploads\/2025\/12\/eyeclikc.png\",\"contentUrl\":\"https:\/\/proelectrosonic.com\/wp-content\/uploads\/2025\/12\/eyeclikc.png\",\"width\":579,\"height\":390},{\"@type\":\"BreadcrumbList\",\"@id\":\"https:\/\/proelectrosonic.com\/index.php\/video-interactivo\/#breadcrumb\",\"itemListElement\":[{\"@type\":\"ListItem\",\"position\":1,\"name\":\"Portada\",\"item\":\"https:\/\/proelectrosonic.com\/\"},{\"@type\":\"ListItem\",\"position\":2,\"name\":\"V\u00eddeo Interactivo\"}]},{\"@type\":\"WebSite\",\"@id\":\"https:\/\/proelectrosonic.com\/#website\",\"url\":\"https:\/\/proelectrosonic.com\/\",\"name\":\"Proelectrosonic\",\"description\":\"\",\"publisher\":{\"@id\":\"https:\/\/proelectrosonic.com\/#organization\"},\"potentialAction\":[{\"@type\":\"SearchAction\",\"target\":{\"@type\":\"EntryPoint\",\"urlTemplate\":\"https:\/\/proelectrosonic.com\/?s={search_term_string}\"},\"query-input\":{\"@type\":\"PropertyValueSpecification\",\"valueRequired\":true,\"valueName\":\"search_term_string\"}}],\"inLanguage\":\"es\"},{\"@type\":\"Organization\",\"@id\":\"https:\/\/proelectrosonic.com\/#organization\",\"name\":\"Proelectrosonic\",\"url\":\"https:\/\/proelectrosonic.com\/\",\"logo\":{\"@type\":\"ImageObject\",\"inLanguage\":\"es\",\"@id\":\"https:\/\/proelectrosonic.com\/#\/schema\/logo\/image\/\",\"url\":\"https:\/\/proelectrosonic.com\/wp-content\/uploads\/2025\/11\/cropped-logo.jpg\",\"contentUrl\":\"https:\/\/proelectrosonic.com\/wp-content\/uploads\/2025\/11\/cropped-logo.jpg\",\"width\":364,\"height\":35,\"caption\":\"Proelectrosonic\"},\"image\":{\"@id\":\"https:\/\/proelectrosonic.com\/#\/schema\/logo\/image\/\"}}]}<\/script>\n<!-- \/ Yoast SEO plugin. -->","yoast_head_json":{"title":"V\u00eddeo Interactivo - Proelectrosonic","robots":{"index":"index","follow":"follow","max-snippet":"max-snippet:-1","max-image-preview":"max-image-preview:large","max-video-preview":"max-video-preview:-1"},"canonical":"https:\/\/proelectrosonic.com\/index.php\/video-interactivo\/","og_locale":"es_ES","og_type":"article","og_title":"V\u00eddeo Interactivo - Proelectrosonic","og_description":"Sistemas\u00a0de v\u00eddeo interactivo V\u00eddeo interactivo en suelo y en paredes, tambi\u00e9n escaparates interactivos para advertising y marketing din\u00e1mico.","og_url":"https:\/\/proelectrosonic.com\/index.php\/video-interactivo\/","og_site_name":"Proelectrosonic","article_modified_time":"2025-12-01T19:58:48+00:00","og_image":[{"width":579,"height":390,"url":"https:\/\/proelectrosonic.com\/wp-content\/uploads\/2025\/12\/eyeclikc.png","type":"image\/png"}],"twitter_card":"summary_large_image","twitter_misc":{"Tiempo de lectura":"2 minutos"},"schema":{"@context":"https:\/\/schema.org","@graph":[{"@type":"WebPage","@id":"https:\/\/proelectrosonic.com\/index.php\/video-interactivo\/","url":"https:\/\/proelectrosonic.com\/index.php\/video-interactivo\/","name":"V\u00eddeo Interactivo - Proelectrosonic","isPartOf":{"@id":"https:\/\/proelectrosonic.com\/#website"},"primaryImageOfPage":{"@id":"https:\/\/proelectrosonic.com\/index.php\/video-interactivo\/#primaryimage"},"image":{"@id":"https:\/\/proelectrosonic.com\/index.php\/video-interactivo\/#primaryimage"},"thumbnailUrl":"https:\/\/proelectrosonic.com\/wp-content\/uploads\/2025\/12\/eyeclikc.png","datePublished":"2025-11-30T17:40:01+00:00","dateModified":"2025-12-01T19:58:48+00:00","breadcrumb":{"@id":"https:\/\/proelectrosonic.com\/index.php\/video-interactivo\/#breadcrumb"},"inLanguage":"es","potentialAction":[{"@type":"ReadAction","target":["https:\/\/proelectrosonic.com\/index.php\/video-interactivo\/"]}]},{"@type":"ImageObject","inLanguage":"es","@id":"https:\/\/proelectrosonic.com\/index.php\/video-interactivo\/#primaryimage","url":"https:\/\/proelectrosonic.com\/wp-content\/uploads\/2025\/12\/eyeclikc.png","contentUrl":"https:\/\/proelectrosonic.com\/wp-content\/uploads\/2025\/12\/eyeclikc.png","width":579,"height":390},{"@type":"BreadcrumbList","@id":"https:\/\/proelectrosonic.com\/index.php\/video-interactivo\/#breadcrumb","itemListElement":[{"@type":"ListItem","position":1,"name":"Portada","item":"https:\/\/proelectrosonic.com\/"},{"@type":"ListItem","position":2,"name":"V\u00eddeo Interactivo"}]},{"@type":"WebSite","@id":"https:\/\/proelectrosonic.com\/#website","url":"https:\/\/proelectrosonic.com\/","name":"Proelectrosonic","description":"","publisher":{"@id":"https:\/\/proelectrosonic.com\/#organization"},"potentialAction":[{"@type":"SearchAction","target":{"@type":"EntryPoint","urlTemplate":"https:\/\/proelectrosonic.com\/?s={search_term_string}"},"query-input":{"@type":"PropertyValueSpecification","valueRequired":true,"valueName":"search_term_string"}}],"inLanguage":"es"},{"@type":"Organization","@id":"https:\/\/proelectrosonic.com\/#organization","name":"Proelectrosonic","url":"https:\/\/proelectrosonic.com\/","logo":{"@type":"ImageObject","inLanguage":"es","@id":"https:\/\/proelectrosonic.com\/#\/schema\/logo\/image\/","url":"https:\/\/proelectrosonic.com\/wp-content\/uploads\/2025\/11\/cropped-logo.jpg","contentUrl":"https:\/\/proelectrosonic.com\/wp-content\/uploads\/2025\/11\/cropped-logo.jpg","width":364,"height":35,"caption":"Proelectrosonic"},"image":{"@id":"https:\/\/proelectrosonic.com\/#\/schema\/logo\/image\/"}}]}},"_links":{"self":[{"href":"https:\/\/proelectrosonic.com\/index.php\/wp-json\/wp\/v2\/pages\/95","targetHints":{"allow":["GET"]}}],"collection":[{"href":"https:\/\/proelectrosonic.com\/index.php\/wp-json\/wp\/v2\/pages"}],"about":[{"href":"https:\/\/proelectrosonic.com\/index.php\/wp-json\/wp\/v2\/types\/page"}],"author":[{"embeddable":true,"href":"https:\/\/proelectrosonic.com\/index.php\/wp-json\/wp\/v2\/users\/1"}],"replies":[{"embeddable":true,"href":"https:\/\/proelectrosonic.com\/index.php\/wp-json\/wp\/v2\/comments?post=95"}],"version-history":[{"count":6,"href":"https:\/\/proelectrosonic.com\/index.php\/wp-json\/wp\/v2\/pages\/95\/revisions"}],"predecessor-version":[{"id":376,"href":"https:\/\/proelectrosonic.com\/index.php\/wp-json\/wp\/v2\/pages\/95\/revisions\/376"}],"wp:attachment":[{"href":"https:\/\/proelectrosonic.com\/index.php\/wp-json\/wp\/v2\/media?parent=95"}],"curies":[{"name":"wp","href":"https:\/\/api.w.org\/{rel}","templated":true}]}}