{"id":97,"date":"2025-11-30T17:40:16","date_gmt":"2025-11-30T17:40:16","guid":{"rendered":"https:\/\/proelectrosonic.com\/?page_id=97"},"modified":"2025-12-01T20:03:54","modified_gmt":"2025-12-01T20:03:54","slug":"iluminacion-led","status":"publish","type":"page","link":"https:\/\/proelectrosonic.com\/index.php\/iluminacion-led\/","title":{"rendered":"Iluminaci\u00f3n LED"},"content":{"rendered":"\n<p class=\"has-black-color has-text-color has-link-color has-large-font-size wp-elements-97696bb943b3267401bd24c3dce9612e\"><strong>Iluminaci\u00f3n LED<\/strong><\/p>\n\n\n\n<hr class=\"wp-block-separator has-text-color has-alpha-channel-opacity has-background is-style-default blue-separator\" style=\"background-color:#142655;color:#142655\"\/>\n\n\n\n<p class=\"has-text-color has-link-color has-medium-font-size wp-elements-243eea63007526162466a38f0b16a820\" style=\"color:#303030\">Desde 1.992 hemos realizado infinidad de trabajos con tecnolog\u00eda LED, uno de nuestros \u00faltimos trabajos es el parador de Guadalupe<\/p>\n\n\n\n<div class=\"wp-block-columns is-layout-flex wp-container-core-columns-is-layout-9d6595d7 wp-block-columns-is-layout-flex\">\n<div class=\"wp-block-column is-layout-flow wp-block-column-is-layout-flow\"><div class=\"wp-block-image\">\n<figure class=\"alignright size-full\"><img fetchpriority=\"high\" decoding=\"async\" width=\"352\" height=\"469\" src=\"https:\/\/proelectrosonic.com\/wp-content\/uploads\/2025\/12\/led1.jpg\" alt=\"\" class=\"wp-image-379\" srcset=\"https:\/\/proelectrosonic.com\/wp-content\/uploads\/2025\/12\/led1.jpg 352w, https:\/\/proelectrosonic.com\/wp-content\/uploads\/2025\/12\/led1-225x300.jpg 225w, https:\/\/proelectrosonic.com\/wp-content\/uploads\/2025\/12\/led1-120x160.jpg 120w\" sizes=\"(max-width: 352px) 100vw, 352px\" \/><\/figure><\/div><\/div>\n\n\n\n<div class=\"wp-block-column is-layout-flow wp-block-column-is-layout-flow\"><div class=\"wp-block-image\">\n<figure class=\"alignleft size-full\"><img decoding=\"async\" width=\"354\" height=\"472\" src=\"https:\/\/proelectrosonic.com\/wp-content\/uploads\/2025\/12\/led2.jpg\" alt=\"\" class=\"wp-image-380\" srcset=\"https:\/\/proelectrosonic.com\/wp-content\/uploads\/2025\/12\/led2.jpg 354w, https:\/\/proelectrosonic.com\/wp-content\/uploads\/2025\/12\/led2-225x300.jpg 225w, https:\/\/proelectrosonic.com\/wp-content\/uploads\/2025\/12\/led2-120x160.jpg 120w\" sizes=\"(max-width: 354px) 100vw, 354px\" \/><\/figure><\/div><\/div>\n<\/div>\n\n\n\n<div class=\"wp-block-columns is-layout-flex wp-container-core-columns-is-layout-9d6595d7 wp-block-columns-is-layout-flex\">\n<div class=\"wp-block-column is-layout-flow wp-block-column-is-layout-flow\"><div class=\"wp-block-image\">\n<figure class=\"alignright size-full\"><img decoding=\"async\" width=\"265\" height=\"354\" src=\"https:\/\/proelectrosonic.com\/wp-content\/uploads\/2025\/12\/led3.jpg\" alt=\"\" class=\"wp-image-381\" srcset=\"https:\/\/proelectrosonic.com\/wp-content\/uploads\/2025\/12\/led3.jpg 265w, https:\/\/proelectrosonic.com\/wp-content\/uploads\/2025\/12\/led3-225x300.jpg 225w, https:\/\/proelectrosonic.com\/wp-content\/uploads\/2025\/12\/led3-120x160.jpg 120w\" sizes=\"(max-width: 265px) 100vw, 265px\" \/><\/figure><\/div><\/div>\n\n\n\n<div class=\"wp-block-column is-layout-flow wp-block-column-is-layout-flow\"><div class=\"wp-block-image\">\n<figure class=\"aligncenter size-full\"><img loading=\"lazy\" decoding=\"async\" width=\"266\" height=\"355\" src=\"https:\/\/proelectrosonic.com\/wp-content\/uploads\/2025\/12\/led4.jpg\" alt=\"\" class=\"wp-image-382\" srcset=\"https:\/\/proelectrosonic.com\/wp-content\/uploads\/2025\/12\/led4.jpg 266w, https:\/\/proelectrosonic.com\/wp-content\/uploads\/2025\/12\/led4-225x300.jpg 225w, https:\/\/proelectrosonic.com\/wp-content\/uploads\/2025\/12\/led4-120x160.jpg 120w\" sizes=\"(max-width: 266px) 100vw, 266px\" \/><\/figure><\/div><\/div>\n\n\n\n<div class=\"wp-block-column is-layout-flow wp-block-column-is-layout-flow\"><div class=\"wp-block-image\">\n<figure class=\"alignleft size-full is-resized\"><img loading=\"lazy\" decoding=\"async\" width=\"363\" height=\"484\" src=\"https:\/\/proelectrosonic.com\/wp-content\/uploads\/2025\/12\/led5.jpg\" alt=\"\" class=\"wp-image-383\" style=\"width:260px;height:auto\" srcset=\"https:\/\/proelectrosonic.com\/wp-content\/uploads\/2025\/12\/led5.jpg 363w, https:\/\/proelectrosonic.com\/wp-content\/uploads\/2025\/12\/led5-225x300.jpg 225w, https:\/\/proelectrosonic.com\/wp-content\/uploads\/2025\/12\/led5-120x160.jpg 120w\" sizes=\"(max-width: 363px) 100vw, 363px\" \/><\/figure><\/div><\/div>\n<\/div>\n","protected":false},"excerpt":{"rendered":"<p>Iluminaci\u00f3n LED Desde 1.992 hemos realizado infinidad de trabajos con tecnolog\u00eda LED, uno de nuestros \u00faltimos trabajos es el parador de Guadalupe<\/p>\n","protected":false},"author":1,"featured_media":0,"parent":0,"menu_order":0,"comment_status":"closed","ping_status":"closed","template":"","meta":{"_eb_attr":"","footnotes":""},"class_list":["post-97","page","type-page","status-publish","hentry"],"yoast_head":"<!-- This site is optimized with the Yoast SEO plugin v26.4 - https:\/\/yoast.com\/wordpress\/plugins\/seo\/ -->\n<title>Iluminaci\u00f3n LED - Proelectrosonic<\/title>\n<meta name=\"robots\" content=\"index, follow, max-snippet:-1, max-image-preview:large, max-video-preview:-1\" \/>\n<link rel=\"canonical\" href=\"https:\/\/proelectrosonic.com\/index.php\/iluminacion-led\/\" \/>\n<meta property=\"og:locale\" content=\"es_ES\" \/>\n<meta property=\"og:type\" content=\"article\" \/>\n<meta property=\"og:title\" content=\"Iluminaci\u00f3n LED - Proelectrosonic\" \/>\n<meta property=\"og:description\" content=\"Iluminaci\u00f3n LED Desde 1.992 hemos realizado infinidad de trabajos con tecnolog\u00eda LED, uno de nuestros \u00faltimos trabajos es el parador de Guadalupe\" \/>\n<meta property=\"og:url\" content=\"https:\/\/proelectrosonic.com\/index.php\/iluminacion-led\/\" \/>\n<meta property=\"og:site_name\" content=\"Proelectrosonic\" \/>\n<meta property=\"article:modified_time\" content=\"2025-12-01T20:03:54+00:00\" \/>\n<meta property=\"og:image\" content=\"https:\/\/proelectrosonic.com\/wp-content\/uploads\/2025\/12\/led1.jpg\" \/>\n\t<meta property=\"og:image:width\" content=\"352\" \/>\n\t<meta property=\"og:image:height\" content=\"469\" \/>\n\t<meta property=\"og:image:type\" content=\"image\/jpeg\" \/>\n<meta name=\"twitter:card\" content=\"summary_large_image\" \/>\n<meta name=\"twitter:label1\" content=\"Tiempo de lectura\" \/>\n\t<meta name=\"twitter:data1\" content=\"2 minutos\" \/>\n<script type=\"application\/ld+json\" class=\"yoast-schema-graph\">{\"@context\":\"https:\/\/schema.org\",\"@graph\":[{\"@type\":\"WebPage\",\"@id\":\"https:\/\/proelectrosonic.com\/index.php\/iluminacion-led\/\",\"url\":\"https:\/\/proelectrosonic.com\/index.php\/iluminacion-led\/\",\"name\":\"Iluminaci\u00f3n LED - Proelectrosonic\",\"isPartOf\":{\"@id\":\"https:\/\/proelectrosonic.com\/#website\"},\"primaryImageOfPage\":{\"@id\":\"https:\/\/proelectrosonic.com\/index.php\/iluminacion-led\/#primaryimage\"},\"image\":{\"@id\":\"https:\/\/proelectrosonic.com\/index.php\/iluminacion-led\/#primaryimage\"},\"thumbnailUrl\":\"https:\/\/proelectrosonic.com\/wp-content\/uploads\/2025\/12\/led1.jpg\",\"datePublished\":\"2025-11-30T17:40:16+00:00\",\"dateModified\":\"2025-12-01T20:03:54+00:00\",\"breadcrumb\":{\"@id\":\"https:\/\/proelectrosonic.com\/index.php\/iluminacion-led\/#breadcrumb\"},\"inLanguage\":\"es\",\"potentialAction\":[{\"@type\":\"ReadAction\",\"target\":[\"https:\/\/proelectrosonic.com\/index.php\/iluminacion-led\/\"]}]},{\"@type\":\"ImageObject\",\"inLanguage\":\"es\",\"@id\":\"https:\/\/proelectrosonic.com\/index.php\/iluminacion-led\/#primaryimage\",\"url\":\"https:\/\/proelectrosonic.com\/wp-content\/uploads\/2025\/12\/led1.jpg\",\"contentUrl\":\"https:\/\/proelectrosonic.com\/wp-content\/uploads\/2025\/12\/led1.jpg\",\"width\":352,\"height\":469},{\"@type\":\"BreadcrumbList\",\"@id\":\"https:\/\/proelectrosonic.com\/index.php\/iluminacion-led\/#breadcrumb\",\"itemListElement\":[{\"@type\":\"ListItem\",\"position\":1,\"name\":\"Portada\",\"item\":\"https:\/\/proelectrosonic.com\/\"},{\"@type\":\"ListItem\",\"position\":2,\"name\":\"Iluminaci\u00f3n LED\"}]},{\"@type\":\"WebSite\",\"@id\":\"https:\/\/proelectrosonic.com\/#website\",\"url\":\"https:\/\/proelectrosonic.com\/\",\"name\":\"Proelectrosonic\",\"description\":\"\",\"publisher\":{\"@id\":\"https:\/\/proelectrosonic.com\/#organization\"},\"potentialAction\":[{\"@type\":\"SearchAction\",\"target\":{\"@type\":\"EntryPoint\",\"urlTemplate\":\"https:\/\/proelectrosonic.com\/?s={search_term_string}\"},\"query-input\":{\"@type\":\"PropertyValueSpecification\",\"valueRequired\":true,\"valueName\":\"search_term_string\"}}],\"inLanguage\":\"es\"},{\"@type\":\"Organization\",\"@id\":\"https:\/\/proelectrosonic.com\/#organization\",\"name\":\"Proelectrosonic\",\"url\":\"https:\/\/proelectrosonic.com\/\",\"logo\":{\"@type\":\"ImageObject\",\"inLanguage\":\"es\",\"@id\":\"https:\/\/proelectrosonic.com\/#\/schema\/logo\/image\/\",\"url\":\"https:\/\/proelectrosonic.com\/wp-content\/uploads\/2025\/11\/cropped-logo.jpg\",\"contentUrl\":\"https:\/\/proelectrosonic.com\/wp-content\/uploads\/2025\/11\/cropped-logo.jpg\",\"width\":364,\"height\":35,\"caption\":\"Proelectrosonic\"},\"image\":{\"@id\":\"https:\/\/proelectrosonic.com\/#\/schema\/logo\/image\/\"}}]}<\/script>\n<!-- \/ Yoast SEO plugin. -->","yoast_head_json":{"title":"Iluminaci\u00f3n LED - Proelectrosonic","robots":{"index":"index","follow":"follow","max-snippet":"max-snippet:-1","max-image-preview":"max-image-preview:large","max-video-preview":"max-video-preview:-1"},"canonical":"https:\/\/proelectrosonic.com\/index.php\/iluminacion-led\/","og_locale":"es_ES","og_type":"article","og_title":"Iluminaci\u00f3n LED - Proelectrosonic","og_description":"Iluminaci\u00f3n LED Desde 1.992 hemos realizado infinidad de trabajos con tecnolog\u00eda LED, uno de nuestros \u00faltimos trabajos es el parador de Guadalupe","og_url":"https:\/\/proelectrosonic.com\/index.php\/iluminacion-led\/","og_site_name":"Proelectrosonic","article_modified_time":"2025-12-01T20:03:54+00:00","og_image":[{"width":352,"height":469,"url":"https:\/\/proelectrosonic.com\/wp-content\/uploads\/2025\/12\/led1.jpg","type":"image\/jpeg"}],"twitter_card":"summary_large_image","twitter_misc":{"Tiempo de lectura":"2 minutos"},"schema":{"@context":"https:\/\/schema.org","@graph":[{"@type":"WebPage","@id":"https:\/\/proelectrosonic.com\/index.php\/iluminacion-led\/","url":"https:\/\/proelectrosonic.com\/index.php\/iluminacion-led\/","name":"Iluminaci\u00f3n LED - Proelectrosonic","isPartOf":{"@id":"https:\/\/proelectrosonic.com\/#website"},"primaryImageOfPage":{"@id":"https:\/\/proelectrosonic.com\/index.php\/iluminacion-led\/#primaryimage"},"image":{"@id":"https:\/\/proelectrosonic.com\/index.php\/iluminacion-led\/#primaryimage"},"thumbnailUrl":"https:\/\/proelectrosonic.com\/wp-content\/uploads\/2025\/12\/led1.jpg","datePublished":"2025-11-30T17:40:16+00:00","dateModified":"2025-12-01T20:03:54+00:00","breadcrumb":{"@id":"https:\/\/proelectrosonic.com\/index.php\/iluminacion-led\/#breadcrumb"},"inLanguage":"es","potentialAction":[{"@type":"ReadAction","target":["https:\/\/proelectrosonic.com\/index.php\/iluminacion-led\/"]}]},{"@type":"ImageObject","inLanguage":"es","@id":"https:\/\/proelectrosonic.com\/index.php\/iluminacion-led\/#primaryimage","url":"https:\/\/proelectrosonic.com\/wp-content\/uploads\/2025\/12\/led1.jpg","contentUrl":"https:\/\/proelectrosonic.com\/wp-content\/uploads\/2025\/12\/led1.jpg","width":352,"height":469},{"@type":"BreadcrumbList","@id":"https:\/\/proelectrosonic.com\/index.php\/iluminacion-led\/#breadcrumb","itemListElement":[{"@type":"ListItem","position":1,"name":"Portada","item":"https:\/\/proelectrosonic.com\/"},{"@type":"ListItem","position":2,"name":"Iluminaci\u00f3n LED"}]},{"@type":"WebSite","@id":"https:\/\/proelectrosonic.com\/#website","url":"https:\/\/proelectrosonic.com\/","name":"Proelectrosonic","description":"","publisher":{"@id":"https:\/\/proelectrosonic.com\/#organization"},"potentialAction":[{"@type":"SearchAction","target":{"@type":"EntryPoint","urlTemplate":"https:\/\/proelectrosonic.com\/?s={search_term_string}"},"query-input":{"@type":"PropertyValueSpecification","valueRequired":true,"valueName":"search_term_string"}}],"inLanguage":"es"},{"@type":"Organization","@id":"https:\/\/proelectrosonic.com\/#organization","name":"Proelectrosonic","url":"https:\/\/proelectrosonic.com\/","logo":{"@type":"ImageObject","inLanguage":"es","@id":"https:\/\/proelectrosonic.com\/#\/schema\/logo\/image\/","url":"https:\/\/proelectrosonic.com\/wp-content\/uploads\/2025\/11\/cropped-logo.jpg","contentUrl":"https:\/\/proelectrosonic.com\/wp-content\/uploads\/2025\/11\/cropped-logo.jpg","width":364,"height":35,"caption":"Proelectrosonic"},"image":{"@id":"https:\/\/proelectrosonic.com\/#\/schema\/logo\/image\/"}}]}},"_links":{"self":[{"href":"https:\/\/proelectrosonic.com\/index.php\/wp-json\/wp\/v2\/pages\/97","targetHints":{"allow":["GET"]}}],"collection":[{"href":"https:\/\/proelectrosonic.com\/index.php\/wp-json\/wp\/v2\/pages"}],"about":[{"href":"https:\/\/proelectrosonic.com\/index.php\/wp-json\/wp\/v2\/types\/page"}],"author":[{"embeddable":true,"href":"https:\/\/proelectrosonic.com\/index.php\/wp-json\/wp\/v2\/users\/1"}],"replies":[{"embeddable":true,"href":"https:\/\/proelectrosonic.com\/index.php\/wp-json\/wp\/v2\/comments?post=97"}],"version-history":[{"count":7,"href":"https:\/\/proelectrosonic.com\/index.php\/wp-json\/wp\/v2\/pages\/97\/revisions"}],"predecessor-version":[{"id":591,"href":"https:\/\/proelectrosonic.com\/index.php\/wp-json\/wp\/v2\/pages\/97\/revisions\/591"}],"wp:attachment":[{"href":"https:\/\/proelectrosonic.com\/index.php\/wp-json\/wp\/v2\/media?parent=97"}],"curies":[{"name":"wp","href":"https:\/\/api.w.org\/{rel}","templated":true}]}}